

{"id":9,"date":"2015-03-10T19:02:47","date_gmt":"2015-03-10T18:02:47","guid":{"rendered":"http:\/\/localhost\/wordpress_asso\/?page_id=9"},"modified":"2024-05-03T18:25:20","modified_gmt":"2024-05-03T22:25:20","slug":"services","status":"publish","type":"page","link":"https:\/\/www.assofxg.com\/?page_id=9","title":{"rendered":"Services"},"content":{"rendered":"<p>En plus de tout ce qui est offert par <a title=\"Comit\u00e9s\" href=\"http:\/\/www.assofxg.com\/?page_id=12\">les comit\u00e9s<\/a>, l\u2019Association offre \u00e0 ses membres diff\u00e9rents services :<\/p>\n<p><strong>D\u00e9fense p\u00e9dagogique<\/strong><br \/>\nLa principale fonction de la personne responsable des affaires p\u00e9dagogiques est de d\u00e9fendre les droits et int\u00e9r\u00eats des membres \u00e0 travers leur cheminement scolaire. Elle est disponible pour vous conseiller et vous accompagner dans vos d\u00e9marches. Pour pllus de d\u00e9tails, allez sur <a href=\"#defense\">la section d\u00e9di\u00e9e<\/a> ou pr\u00e9sentez-vous au local de l\u2019Association, au A-1198.<\/p>\n<p><strong>Financement<\/strong><br \/>\nChaque ann\u00e9e, l\u2019Association subventionne de nombreux projets \u00e9tudiants. Les demandes sont trait\u00e9es par la conseil d\u2019administration selon des crit\u00e8res favorisant l\u2019initiative \u00e9tudiante. Pour pr\u00e9senter une demande, vous devez remplir le formulaire de\u00a0<em>guichet unique:\u00a0<\/em><\/p>\n<p><a href=\"https:\/\/fondation.cegepgarneau.ca\/wp-content\/uploads\/2023\/03\/GU2223-Formulaire-Criteres-et-Bilan.pdf\" target=\"_blank\" rel=\"noopener\">Formulaire de demande de guichet unique<\/a><\/p>\n<p><a href=\"https:\/\/fondation.cegepgarneau.ca\/index.php\/guichet-unique\/\" target=\"_blank\" rel=\"noopener\">Fondation, informations sur des demandes de guichet unique<\/a><\/p>\n<p><strong>Pr\u00eat de livres<\/strong><br \/>\nL\u2019Association offre gratuitement \u00e0 ses membres un service de pr\u00eat de livres. Les manuels et les romans les plus communs sont pr\u00eat\u00e9s \u00e0 tous ceux et celles qui se trouvent dans une situation financi\u00e8re pr\u00e9caire. N\u2019h\u00e9sitez pas \u00e0 passer \u00e0 l\u2019Association (A-1198) pour remplir un formulaire de pr\u00eats de livres!<\/p>\n<p><strong>Pr\u00eat de sarraus et de lunettes protectrices<\/strong><br \/>\nL\u2019Association s\u2019est dot\u00e9e de sarraus et de lunettes protectrices. Si vous avez oubli\u00e9 ou \u00e9gar\u00e9 votre propre mat\u00e9riel, pr\u00e9sentez-vous au local de l\u2019Association, au A-1198.<\/p>\n<p><strong>Imprimerie<\/strong><br \/>\nL\u2019imprimerie offre aux membres de l\u2019Association un service de photocopie \u00e0 co\u00fbt tr\u00e8s avantageux. Pr\u00e9sentez-vous au local de l\u2019imprimerie, au A-1196.<\/p>\n<p><strong>Spectacles<\/strong><br \/>\nL\u2019Association pr\u00e9sente \u00e0 l\u2019occasion des spectacles sur l\u2019heure du midi ou en soir\u00e9e. Si vous \u00eates int\u00e9ress\u00e9-e \u00e0 faire un spectacle de musique avec votre groupe, n\u2019h\u00e9sitez pas \u00e0 communiquer avec la personne responsable \u00e0 la vie \u00e9tudiante, au local A-1198 ou <a href=\"mailto:soci%6F@as%73o%66%78%67.com\">par courriel<\/a>.<\/p>\n<p><strong>Fonds de d\u00e9pannage<\/strong><br \/>\nSi vous avez des probl\u00e8mes financiers, mais que vous savez que de l\u2019argent devrait arriver bient\u00f4t, nous pouvons d\u00e9panner! En effet, si vous avez besoin d\u2019un petit pr\u00eat d\u2019argent \u00e0 court terme, vous pouvez allez vous informer au local A-2179. Il s\u2019agit de l\u2019argent de l\u2019Association, accord\u00e9 \u00e0 un fonds commun au service de l\u2019aide financi\u00e8re, afin que ce dernier g\u00e8re en toute confidentialit\u00e9 le fonds.<\/p>\n<p><strong>Mat\u00e9riel r\u00e9cr\u00e9atif<\/strong><\/p>\n<p>L&#8217;Association a mise \u00e0 votre disposition dans la salle des Pas perdus: billard, ping-pong et soccer sur table.<\/p>\n<p>Tu as besoin de baguettes, boules de billard, raquettes ou balles, viens au local A-1198.<\/p>\n<h2 id=\"defense\" class=\"page-title\">D\u00e9fense p\u00e9dagogique<\/h2>\n<div class=\"entry\">\n<p><strong>Informez-vous d\u2019avance!<\/strong><br \/>\nUne bonne partie des probl\u00e8mes rencontr\u00e9s par les \u00e9tudiants et les \u00e9tudiantes sont caus\u00e9s par une mauvaise connaissance des r\u00e8glements en vigueur au C\u00e9gep. Les r\u00e8gles d\u00e9partementales sont disponibles dans un cahier disponible pour consultation au local de l\u2019Association. Par ailleurs, sur le\u00a0portail du C\u00e9gep, sont disponibles les politiques, r\u00e8glements, proc\u00e9dures, directives et codes de d\u00e9ontologie en vigueur au C\u00e9gep.<\/p>\n<p><strong>R\u00e9soudre les conflits<\/strong><br \/>\nLa plupart des probl\u00e8mes entre \u00e9tudiant ou \u00e9tudiante et professeur-e peuvent \u00eatre facilement solutionn\u00e9s avec un minimum de communication. Avant d\u2019entreprendre vos d\u00e9marches, n\u2019h\u00e9sitez pas \u00e0 rencontrer votre professeur-e pour discuter du probl\u00e8me. Dans la majorit\u00e9 des cas, cette seule approche suffit \u00e0 d\u00e9samorcer bien des situations conflictuelles. Il est vraiment important d\u2019agir rapidement, il ne faut jamais attendre trop : un probl\u00e8me pris d\u00e8s le d\u00e9but est souvent r\u00e9gl\u00e9 plus facilement et plus rapidement. Si le conflit perdure, vous pouvez faire une demande de rencontre au PRSP( personnel responsable du service des plaintes). Ce sont un des 2 professeur-e-s qui sera charg\u00e9 de vous rencontrer pour \u00e9valuer votre demande et rencontrer votre professeur-e pour tenter de r\u00e9gler le conflit. Ce syst\u00e8me est tr\u00e8s rapide et donne de tr\u00e8s bons r\u00e9sultats.<\/p>\n<ul>\n<li><a href=\"https:\/\/forms.office.com\/Pages\/ResponsePage.aspx?id=-keoxCwelE2hrC7YHdtgCkSYLiEii3tLoduN4P5RdjBUNzQwMVpRNjdQVjM5TEQwRVZKOTYzQ1lRSi4u\" target=\"_blank\" rel=\"noopener\">Formulaire de plainte<\/a><\/li>\n<\/ul>\n<p><strong>Ton Association peut t\u2019aider<\/strong><br \/>\nUne des principales fonctions de la personne responsable aux affaires p\u00e9dagogiques de l\u2019Association est de d\u00e9fendre les droits et int\u00e9r\u00eats des \u00e9tudiants et \u00e9tudiantes du C\u00e9gep. Elle sera donc disponible pour vous conseiller et vous accompagner dans vos d\u00e9marches. Le mieux pour vous est de passer au local de l\u2019Association, mais vous pouvez aussi commencer par <a title=\"Contact\" href=\"http:\/\/www.assofxg.com\/?page_id=33\">nous contacter<\/a>.<\/p>\n<p><strong>Demande de r\u00e9vision de note<\/strong><br \/>\nSi vous vous estimez l\u00e9s\u00e9 par une correction effectu\u00e9e par votre professeur-e, il existe un processus de r\u00e9vision de note. Pour en faire la demande vous devez remplir un formulaire disponible sur le portail ou \u00e0 la zone conseil.<\/p>\n<ul>\n<li><a href=\"http:\/\/www.assofxg.com\/wp-content\/uploads\/2023\/04\/Demande-de-revision-de-note-en-cours-de-session-1.pdf\" target=\"_blank\" rel=\"noopener\">R\u00e9vision de notes<\/a><\/li>\n<\/ul>\n<p>Pour plus d\u2019information, vous devez consulter la Politique institutionnelle d\u2019\u00e9valuation des apprentissages (PIEA): <a href=\"https:\/\/www.cegepgarneau.ca\/medias\/docs\/Doc-Institutionnels\/pol-03.pdf\" target=\"_blank\" rel=\"noopener\">Politique institutionnelle d&#8217;\u00e9valuation de l&#8217;apprentissage<\/a><\/p>\n<p><strong>\u00c0 savoir<\/strong><\/p>\n<p>Un.e professeur.e est oblig\u00e9.e de suivre son plan de cours, et cette personne doit respecter les r\u00e8glements d\u00e9partementaux et les r\u00e8glements et politiques du C\u00e9gep. Si un.e professeur.e veut effectuer une modification au cours de la session, les \u00e9tudiantes et \u00e9tudiants doivent \u00eatre consult\u00e9s. Ces sp\u00e9cificit\u00e9s (entre autres), si elle ne sont respect\u00e9es, peuvent aussi faire l\u2019objet d\u2019une plainte.<\/p>\n<p><strong>Autres types de conflits<\/strong><br \/>\nIl est existe une proc\u00e9dure de conciliation lorsqu\u2019il y a conflit de nature personnelle entre un \u00e9tudiant ou une \u00e9tudiantes et un ou une professeur.e. Si vous croyez avoir \u00e9t\u00e9 victime d\u2019une injustice ou avez subi un comportement d\u00e9sobligeant (qu\u2019il soit de nature physique ou psychologique ou en rapport \u00e0 la qualit\u00e9 de l&#8217;enseignement) de la part d\u2019un ou d\u2019une professeur.e ou d\u2019un ou d\u2019une membre du personnel, vous pouvez d\u00e9poser une plainte \u00e0 la Direction des \u00e9tudes en \u00e9tant accompagn\u00e9.e par la personne responsable aux affaires p\u00e9dagogiques de l\u2019association.<\/p>\n<\/div>\n","protected":false},"excerpt":{"rendered":"<p>En plus de tout ce qui est offert par les comit\u00e9s, l\u2019Association offre \u00e0 ses membres diff\u00e9rents services : D\u00e9fense&hellip;<\/p>\n","protected":false},"author":1,"featured_media":0,"parent":0,"menu_order":0,"comment_status":"open","ping_status":"open","template":"","meta":{"footnotes":""},"class_list":["post-9","page","type-page","status-publish","hentry","post"],"_links":{"self":[{"href":"https:\/\/www.assofxg.com\/index.php?rest_route=\/wp\/v2\/pages\/9"}],"collection":[{"href":"https:\/\/www.assofxg.com\/index.php?rest_route=\/wp\/v2\/pages"}],"about":[{"href":"https:\/\/www.assofxg.com\/index.php?rest_route=\/wp\/v2\/types\/page"}],"author":[{"embeddable":true,"href":"https:\/\/www.assofxg.com\/index.php?rest_route=\/wp\/v2\/users\/1"}],"replies":[{"embeddable":true,"href":"https:\/\/www.assofxg.com\/index.php?rest_route=%2Fwp%2Fv2%2Fcomments&post=9"}],"version-history":[{"count":19,"href":"https:\/\/www.assofxg.com\/index.php?rest_route=\/wp\/v2\/pages\/9\/revisions"}],"predecessor-version":[{"id":1256,"href":"https:\/\/www.assofxg.com\/index.php?rest_route=\/wp\/v2\/pages\/9\/revisions\/1256"}],"wp:attachment":[{"href":"https:\/\/www.assofxg.com\/index.php?rest_route=%2Fwp%2Fv2%2Fmedia&parent=9"}],"curies":[{"name":"wp","href":"https:\/\/api.w.org\/{rel}","templated":true}]}}