

{"id":6,"date":"2015-03-10T18:59:03","date_gmt":"2015-03-10T17:59:03","guid":{"rendered":"http:\/\/localhost\/wordpress_asso\/?page_id=6"},"modified":"2023-06-05T16:50:42","modified_gmt":"2023-06-05T20:50:42","slug":"qui-sommes-nous","status":"publish","type":"page","link":"https:\/\/www.assofxg.com\/?page_id=6","title":{"rendered":"Qui sommes-nous ?"},"content":{"rendered":"<h2 class=\"page-title\">Pr\u00e9sentation<\/h2>\n<div class=\"entry\">\n<p>L\u2019Association g\u00e9n\u00e9rale \u00e9tudiante du Coll\u00e8ge Fran\u00e7ois-Xavier-Garneau (AG\u00c9CFXG) est un organisme ind\u00e9pendant du c\u00e9gep, qui est <a href=\"#gerer\">g\u00e9r\u00e9 par<\/a> et pour les \u00e9tudiants et les \u00e9tudiantes et qui les repr\u00e9sente. On y devient membre en payant une cotisation lors de l\u2019inscription au C\u00e9gep Garneau, contribuant ainsi au budget permettant l\u2019offre de diff\u00e9rents <a title=\"Services\" href=\"http:\/\/www.assofxg.com\/?page_id=9\">services<\/a> et le financement de multiples <a title=\"Comit\u00e9s\" href=\"http:\/\/www.assofxg.com\/?page_id=12\">comit\u00e9s<\/a>.<\/p>\n<p>Les objectifs g\u00e9n\u00e9raux de l\u2019association sont :<\/p>\n<ul>\n<li>promouvoir, prot\u00e9ger, \u00e9tudier et d\u00e9velopper de toutes les mani\u00e8res possibles les int\u00e9r\u00eats p\u00e9dagogiques, \u00e9conomiques, culturels, politiques et sociaux de ses membres ainsi que tous autres int\u00e9r\u00eats, quels qu\u2019ils soient, pouvant toucher de pr\u00e8s ou de loin ses membres ou l\u2019ensemble de la communaut\u00e9 \u00e9tudiante du Qu\u00e9bec<\/li>\n<li>promouvoir la conscience associative de ses membres et les inciter \u00e0 d\u00e9velopper une meilleure conscience collective et sociale en regard des probl\u00e9matiques r\u00e9gionales, nationales et internationales<\/li>\n<li>soutenir l\u2019action de ses membres si\u00e9geant sur divers organismes et instances du c\u00e9gep<\/li>\n<li>rendre le milieu le plus conforme possible aux int\u00e9r\u00eats et aspirations de ses membres<\/li>\n<li>regrouper la communaut\u00e9 \u00e9tudiante du C\u00e9gep Garneau et lui offrir des services<\/li>\n<\/ul>\n<p>Quel que soit le besoin, les membres ne doivent pas h\u00e9siter \u00e0 entrer en contact avec l\u2019Association \u00e9tudiante au local A-1198!<\/p>\n<h2 id=\"gerer\" class=\"page-title\">Instances et fonctionnement<\/h2>\n<div class=\"entry\">\n<p>Quatre instances r\u00e9gissent, g\u00e8rent et font vivre l\u2019AG\u00c9CFXG :<\/p>\n<p><strong>Assembl\u00e9e g\u00e9n\u00e9rale \u00e9tudiante (AG\u00c9)<\/strong><br \/>\nC\u2019est l\u2019instance d\u00e9cisionnelle supr\u00eame. C\u2019est \u00e0 chaque membre de s\u2019y rendre pour y participer, le tout afin de s\u2019assurer que l\u2019association soit repr\u00e9sentative des \u00e9tudiants et des \u00e9tudiantes. Apr\u00e8s les \u00e9lections annuelles, c\u2019est \u00e0 l\u2019AG\u00c9 d\u2019\u00e9lire les membres qui si\u00e9geront au CA. Une de ses t\u00e2ches principales est d\u2019adopter les grandes orientations, positions politiques et objectifs de l\u2019association.<\/p>\n<p><strong>Conseil d\u2019administration (CA)<\/strong><br \/>\nLe r\u00f4le du CA est de prendre la plupart des d\u00e9cisions concernant les orientations et les objectifs en se servant des grandes lignes donn\u00e9es par l\u2019AG\u00c9 et par les Statuts et r\u00e8glements de l\u2019association. Il ex\u00e9cute les d\u00e9cisions et les mandats, g\u00e8re les affaires courantes et tient le local de l\u2019association afin de r\u00e9pondre aux membres et d\u2019assurer les diff\u00e9rents services. Il se rencontre habituellement une fois par semaine ou par deux semaines. Ses membres sont \u00e9lus lors des \u00e9lections annuelles \u00e0 la fin de l&#8217;ann\u00e9e ou en assembl\u00e9e g\u00e9n\u00e9rale.<\/p>\n<p><strong>Conseil ex\u00e9cutif (CE)<\/strong><br \/>\nLe CE effectue les t\u00e2ches du CA lorsque ce dernier ne peut pas se r\u00e9unir, notamment en saison estivale ou lors d\u2019une situation d\u2019urgence. Il est compos\u00e9 du coordonnateur ou de la coordonnatrice, du coordonnateur adjoint ou de la coordonnatrice adjointe et des responsables aux finances, aux communications et aux affaires internes.<\/p>\n<p><strong>Conseil des comit\u00e9s (CC)<\/strong><br \/>\nLe CC est un conseil consultatif o\u00f9 chaque comit\u00e9 a un vote. Il propose des orientations g\u00e9n\u00e9rales \u00e0 l\u2019association (en ce qui a trait aux comit\u00e9s) et d\u00e9fend les int\u00e9r\u00eats des comit\u00e9s et de leurs membres. Il \u00e9lit deux personnes au CA, soit une personne qui repr\u00e9sente les comit\u00e9s de services et une autre les comit\u00e9s d\u2019information.<\/p>\n<h2 class=\"page-title\">Histoire<\/h2>\n<div class=\"entry\">\n<p style=\"text-align: left;\" align=\"center\"><strong>Br\u00e8ve histoire de l\u2019Association g\u00e9n\u00e9rale \u00e9tudiante du\u00a0<\/strong><strong>Coll\u00e8ge Fran\u00e7ois-Xavier-Garneau<\/strong><\/p>\n<p style=\"text-align: justify;\">Le C\u00e9gep Garneau est fond\u00e9 7 ao\u00fbt <strong>1969<\/strong>\u00a0; il est le quatri\u00e8me et dernier c\u00e9gep public cr\u00e9\u00e9 dans la r\u00e9gion de Qu\u00e9bec \u00e0 la suite du regroupement de trois coll\u00e8ges priv\u00e9s, soit le Coll\u00e8ge des J\u00e9suites, le Coll\u00e8ge des Ursulines de Qu\u00e9bec et l\u2019\u00c9cole Normale Laval. Il s\u2019agissait, \u00e0 l\u2019origine, de constituer un \u00abc\u00e9gep de la haute ville\u00bb. C\u2019est pourquoi l\u2019institution a\u00a0 conserv\u00e9 jusqu\u2019en 2012 la d\u00e9nomination \u00abColl\u00e8ge Fran\u00e7ois-Xavier-Garneau\u00bb, qui a une connotation plus \u00e9litiste. L\u2019Association g\u00e9n\u00e9rale \u00e9tudiante du Coll\u00e8ge Fran\u00e7ois-Xavier-Garneau (AGECFXG) est cr\u00e9\u00e9e l\u2019ann\u00e9e m\u00eame de la fondation du C\u00e9gep. Par contre, les lettres patentes de l\u2019Association ont \u00e9t\u00e9 octroy\u00e9es seulement en 1977.<\/p>\n<p><strong>L\u2019Association \u00e9tudiante, l\u2019am\u00e9nagement d\u2019un espace de vie<\/strong><\/p>\n<p style=\"text-align: justify;\">Nous ne disposons que de tr\u00e8s peu d\u2019information sur l\u2019histoire de l\u2019Association \u00e9tudiante, car une bonne partie de ses archives a disparu. Plus pr\u00e9cis\u00e9ment, nous ne disposons plus des proc\u00e8s-verbaux d\u2019avant 1987. Pour reconstituer l\u2019histoire de l\u2019Association \u00e9tudiante, il y a un v\u00e9ritable travail d\u2019historien ou d&#8217;historienne qui reste \u00e0 faire. Par ailleurs, il serait inexact de se faire une id\u00e9e de l\u2019\u00e9tat du mouvement \u00e9tudiant local uniquement en se reposant sur la situation au c\u00e9gep Garneau. Il vaut mieux avoir une perspective r\u00e9gionale et nationale pour mieux comprendre les dynamiques d\u2019action collective qui fluctuent souvent d\u2019un c\u00e9gep \u00e0 l\u2019autre.<\/p>\n<p style=\"text-align: justify;\">D\u00e8s l\u2019origine, les associations \u00e9tudiantes ont \u00e9t\u00e9 cr\u00e9\u00e9es dans l\u2019objectif de participer et d\u2019am\u00e9nager la vie \u00e9tudiante des campus avec des comit\u00e9s \u00e9tudiants et des activit\u00e9s publiques, telles que l\u2019indique l\u2019un des articles inscrits dans les Statuts de l\u2019Association\u00a0: \u00ab rendre le milieu le plus conforme possible aux int\u00e9r\u00eats et aspirations de ses membres \u00bb. \u00c0 Garneau, l\u2019Association \u00e9tudiante est \u00e0 ses d\u00e9buts constitu\u00e9e de plusieurs comit\u00e9s\u00a0; la Bo\u00eete \u00e0 chansons, le Cin\u00e9-club, le Comit\u00e9 de cin\u00e9ma, le Comit\u00e9 de photographie et le th\u00e9\u00e2tre l\u2019Escourfel. Plus tard, d\u2019autres comit\u00e9s se sont cr\u00e9\u00e9s comme le Caf\u00e9 Oxymel (1981), Explorizon, le comit\u00e9 des R\u00e9sidences du Vieux-Ch\u00e2teau, Amnistie Internationale, Radio, le journal La Crise. Ces comit\u00e9s, comme les services de l\u2019Association, sa r\u00e9gie interne et ses revendications, ont \u00e9volu\u00e9 dans le temps, en allant entre autres dans le sens d\u2019une institutionnalisation de l\u2019Association \u00e9tudiante, avec l\u2019embauche d\u2019employ\u00e9s et d\u2019employ\u00e9es par exemple. Il est difficile d\u2019avoir une approche \u00ab comptable \u00bb pour savoir combien d\u2019\u00e9tudiants et d\u2019\u00e9tudiantes participent aux activit\u00e9s et aux comit\u00e9s de l\u2019Association. Avec une vingtaine de comit\u00e9s, c\u2019est pr\u00e8s de deux cents membres qui s\u2019engagent \u00e0 chaque ann\u00e9e. Enfin, il faut noter qu\u2019un grand nombre d\u2019initiatives \u00e9tudiantes ont \u00e9t\u00e9 \u00ab r\u00e9cup\u00e9r\u00e9es \u00bb par le C\u00e9gep, tel le comit\u00e9 \u00c9cogarneau pour les activit\u00e9s environnementales, le Gala m\u00e9rite \u00e9tudiant pour r\u00e9compenser les \u00e9tudiants et \u00e9tudiantes ou le comit\u00e9 sportif.<\/p>\n<p><strong>Une association pr\u00e9sente dans l\u2019histoire du mouvement \u00e9tudiant.<\/strong><\/p>\n<p style=\"text-align: justify;\">L\u2019Association \u00e9tudiante participe aussi au mouvement \u00e9tudiant et \u00e0 la politisation des \u00e9tudiants et des \u00e9tudiantes. Mais, \u00e0 l\u2019instar de ses archives disparues, il est difficile de s\u2019en faire une id\u00e9e sans faire un travail historique plus d\u00e9velopp\u00e9 que ce qu\u2019il est dans nos intentions ici. Pour la petite histoire, lors de la crise d\u2019octobre, en 1970, l\u2019ex\u00e9cutif de l\u2019Association r\u00e9agit \u00e0 la Loi des mesures de guerre et \u00e0 l\u2019interdiction des r\u00e9unions (et la fermeture de l\u2019auditorium) en se d\u00e9barrassant de tous ses documents dans l\u2019incin\u00e9rateur. Or, les ex\u00e9cutants et ex\u00e9cutantes se trompent et jettent les documents dans la chute \u00e0 linge. Le directeur du Service aux \u00e9tudiantes r\u00e9cup\u00e8re alors la documentation et les cache chez lui jusqu\u2019\u00e0 la fin de la crise. Selon Yves Tessier, l\u2019auteur d\u2019une monographie sur le C\u00e9gep, ces documents n\u2019\u00e9taient pas particuli\u00e8rement mena\u00e7ants.<a id=\"1\" href=\"#a\">[1]<\/a> Cette anecdote est l\u2019une des rares traces \u00e9crites relatant un fait historique datant de la premi\u00e8re d\u00e9cennie d\u2019existence des c\u00e9geps.<\/p>\n<p style=\"text-align: justify;\">L\u2019une des principales caract\u00e9ristiques de la participation de l\u2019AGECFXG aux organisations \u00e9tudiantes nationales est son ambigu\u00eft\u00e9, \u00e0 savoir de s\u2019\u00eatre affili\u00e9e et d\u00e9saffili\u00e9e \u00e0 de nombreuses organisations nationales et d\u2019avoir particip\u00e9 sporadiquement aux vastes mouvements de gr\u00e8ves \u00e9tudiantes. L\u2019Association de Garneau aura \u00e9t\u00e9, plus souvent qu\u2019\u00e0 son tour, ind\u00e9pendante vis-\u00e0-vis des grandes organisations nationales. Cela n\u2019a pas emp\u00each\u00e9 les \u00e9tudiants et \u00e9tudiantes de Garneau de se positionner quant aux grands enjeux politiques qui touchent la soci\u00e9t\u00e9 qu\u00e9b\u00e9coise et la jeunesse, tels l\u2019environnement, l\u2019ind\u00e9pendance du Qu\u00e9bec, la mondialisation, la l\u00e9galisation des drogues douces, etc. En ce sens, les Statuts de l\u2019Association indiquent que l\u2019un de ses objectifs est de \u00ab promouvoir, prot\u00e9ger et d\u00e9velopper de toutes les mani\u00e8res possibles les int\u00e9r\u00eats p\u00e9dagogiques, \u00e9conomiques, culturels, politiques et sociaux de ses membres ainsi que tout autre int\u00e9r\u00eat, quels qu\u2019ils soient, pouvant toucher de pr\u00e8s ou de loin les membres de l\u2019AGECFXG et l\u2019ensemble des \u00e9tudiants du Qu\u00e9bec <em>\u00bb.<\/em><\/p>\n<p style=\"text-align: justify;\">Nous savons que l\u2019Association a \u00e9t\u00e9 membre de nombreuses organisations \u00e9tudiantes nationales, dont l\u2019Association nationale des \u00e9tudiants et \u00e9tudiantes du Qu\u00e9bec (ANEEQ, 1975-1994). Il y a eu au moins une campagne d\u2019affiliation \u00e0 l\u2019ANEEQ \u00e0 la suite de la gr\u00e8ve de 1986<a id=\"2\" href=\"#b\">[2]<\/a> et Garneau a fait gr\u00e8ve durant trois jours en 1988 afin de revendiquer une r\u00e9forme de l\u2019aide financi\u00e8re aux \u00e9tudes<a id=\"3\" href=\"#c\">[3]<\/a>.\u00a0 En <strong>1991<\/strong>, l\u2019Association \u00e9tudiante se positionne quant \u00e0 la cr\u00e9ation de la F\u00e9d\u00e9ration \u00e9tudiante coll\u00e9giale du Qu\u00e9bec (FECQ) avec un r\u00e9f\u00e9rendum sur les trois options possibles (ANEEQ, FECQ, ind\u00e9pendance) dont le r\u00e9sultat est l\u2019affiliation \u00e0 l\u2019ANEEQ<strong>. <\/strong>Par contre, apr\u00e8s la dissolution de l\u2019ANEEQ, l\u2019AGECFXG s\u2019affilie temporairement \u00e0 la FECQ en janvier <strong>1996<\/strong>. Il s\u2019agissait d\u2019une d\u00e9cision et d\u2019une recommandation du Conseil d\u2019administration. Pourtant, cette affiliation temporaire est suivie \u00e0 l\u2019automne 1996 d\u2019une motion de bl\u00e2me contre la FECQ, la f\u00e9d\u00e9ration n\u2019ayant pas d\u00e9fendu deux des revendications de ses membres lors de la gr\u00e8ve de 1996. Finalement, le r\u00e9f\u00e9rendum d\u2019affiliation d\u00e9finitif est beaucoup plus tard, en mars 1997 et le r\u00e9sultat est\u2026 l\u2019affiliation au Mouvement pour le droit \u00e0 l\u2019\u00e9ducation (MDE). L\u2019ann\u00e9e suivante, en avril 1998, un second r\u00e9f\u00e9rendum d\u00e9cide d\u2019une affiliation en faveur des deux regroupements nationaux! Cette m\u00eame d\u00e9cision est infirm\u00e9e par une d\u00e9saffiliation (en assembl\u00e9e g\u00e9n\u00e9rale) de la FECQ puis du MDE en octobre <strong>1999<\/strong>. \u00c0 partir de cette ann\u00e9e, l\u2019Association \u00e9tudiante de Garneau reste ind\u00e9pendante jusqu\u2019en 2005.<\/p>\n<p style=\"text-align: justify;\">Au printemps\u00a02005, apr\u00e8s la gr\u00e8ve g\u00e9n\u00e9rale contre les modifications \u00e0 l\u2019aide financi\u00e8re aux \u00e9tudes (des coupures de 103 millions), l\u2019AGECFXG s\u2019affilie \u00e0 l\u2019Association pour une solidarit\u00e9 syndicale \u00e9tudiante (ASS\u00c9). N\u00e9anmoins, au printemps\u00a02008, une assembl\u00e9e g\u00e9n\u00e9rale adopte une proposition visant \u00e0 tenir un r\u00e9f\u00e9rendum sur le maintien de l\u2019affiliation \u00e0 l\u2019ASS\u00c9. Le r\u00e9sultat tr\u00e8s clair met fin \u00e0 l\u2019affiliation. Finalement, \u00e0 la suite de la gr\u00e8ve de 2012, l\u2019AGECFXG s\u2019est r\u00e9affili\u00e9e \u00e0 l\u2019ASS\u00c9.<\/p>\n<p style=\"text-align: justify;\">Par ailleurs, la participation des \u00e9tudiants et \u00e9tudiantes de Garneau aux mouvements de gr\u00e8ve de 1996, 2005 et 2012 est mitig\u00e9e. En 1996, la participation aux assembl\u00e9es g\u00e9n\u00e9rales est massive et la gr\u00e8ve est de trois semaines. Dix ans plus tard, en 2005, le mouvement de gr\u00e8ve ne dure que quelques journ\u00e9es. En 2012, les \u00e9tudiants et \u00e9tudiantes refusent avec une grande majorit\u00e9 \u00e0 participer \u00e0 la gr\u00e8ve g\u00e9n\u00e9rale \u00e9tudiante. N\u00e9anmoins, ils et elles participent \u00e0 leur fa\u00e7on au conflit social qui secoue le mouvement \u00e9tudiant en r\u00e9it\u00e9rant \u00e0 de nombreuses reprises leur opposition \u00e0 la r\u00e9volution tarifaire du gouvernement lib\u00e9ral, en participant aux fr\u00e9quentes manifestations de l\u2019ann\u00e9e 2012 et en appuyant deux journ\u00e9es de gr\u00e8ve, une le 11 novembre 2011 et une autre le 22 mars 2012.<\/p>\n<div>\n<p><strong>Conclusion<\/strong><\/p>\n<p style=\"text-align: justify;\">Il est difficile de r\u00e9sumer l\u2019histoire d\u2019une association \u00e9tudiante o\u00f9 des milliers d\u2019\u00e9tudiants et d\u2019\u00e9tudiantes se sont impliqu\u00e9s, que cela soit pour animer la vie \u00e9tudiante, organiser des voyages, s\u2019impliquer au Caf\u00e9 Oxymel ou dans des journaux \u00e9tudiants. Entre la vie \u00e9tudiante et la d\u00e9fense des droits p\u00e9dagogiques et politiques, les \u00e9tudiants et \u00e9tudiantes se sont mobilis\u00e9-es \u00e0 leur fa\u00e7on, parfois de fa\u00e7on plus conservatrice que leurs camarades des autres campus, mais surtout de fa\u00e7on ambivalente par rapport aux organisations nationales et aux mouvements sociaux qui \u00e9branlent le Qu\u00e9bec depuis les ann\u00e9es 1970.<\/p>\n<hr align=\"left\" size=\"1\" width=\"33%\" \/>\n<div>\n<p><a id=\"a\" href=\"#1\">[1]<\/a> Yves Tessier, <em>Le Coll\u00e8ge Fran\u00e7ois-Xavier-Garneau, Trente ans d\u2019histoire<\/em>, Qu\u00e9bec, Coll\u00e8ge Fran\u00e7ois-Xavier-Garneau, 2000, p.107. La premi\u00e8re partie de ce bref historique de l\u2019AGECFXG est largement inspir\u00e9 de cet ouvrage.<\/p>\n<\/div>\n<div>\n<p><a id=\"b\" href=\"#2\">[2]<\/a> <em>Le Qu\u00e9bec \u00e9tudiant<\/em>, \u00ab Neuf associations font un pas vers l\u2019ANEQ \u00bb, volume 10, num\u00e9ro 7,\u00a0 avril 1987.<\/p>\n<\/div>\n<div>\n<p><a id=\"c\" href=\"#3\">[3]<\/a> Marc Dor\u00e9, \u00ab Qu\u00e9bec nie avoir \u00ab\u00a0n\u00e9goci\u00e9\u00a0\u00bb avec l\u2019ANEQ \u00bb, <em>La Presse<\/em>, 6 novembre 1988.<\/p>\n<\/div>\n<\/div>\n<\/div>\n<\/div>\n<\/div>\n","protected":false},"excerpt":{"rendered":"<p>Pr\u00e9sentation L\u2019Association g\u00e9n\u00e9rale \u00e9tudiante du Coll\u00e8ge Fran\u00e7ois-Xavier-Garneau (AG\u00c9CFXG) est un organisme ind\u00e9pendant du c\u00e9gep, qui est g\u00e9r\u00e9 par et pour&hellip;<\/p>\n","protected":false},"author":1,"featured_media":0,"parent":0,"menu_order":0,"comment_status":"open","ping_status":"open","template":"","meta":{"footnotes":""},"class_list":["post-6","page","type-page","status-publish","hentry","post"],"_links":{"self":[{"href":"https:\/\/www.assofxg.com\/index.php?rest_route=\/wp\/v2\/pages\/6"}],"collection":[{"href":"https:\/\/www.assofxg.com\/index.php?rest_route=\/wp\/v2\/pages"}],"about":[{"href":"https:\/\/www.assofxg.com\/index.php?rest_route=\/wp\/v2\/types\/page"}],"author":[{"embeddable":true,"href":"https:\/\/www.assofxg.com\/index.php?rest_route=\/wp\/v2\/users\/1"}],"replies":[{"embeddable":true,"href":"https:\/\/www.assofxg.com\/index.php?rest_route=%2Fwp%2Fv2%2Fcomments&post=6"}],"version-history":[{"count":11,"href":"https:\/\/www.assofxg.com\/index.php?rest_route=\/wp\/v2\/pages\/6\/revisions"}],"predecessor-version":[{"id":1128,"href":"https:\/\/www.assofxg.com\/index.php?rest_route=\/wp\/v2\/pages\/6\/revisions\/1128"}],"wp:attachment":[{"href":"https:\/\/www.assofxg.com\/index.php?rest_route=%2Fwp%2Fv2%2Fmedia&parent=6"}],"curies":[{"name":"wp","href":"https:\/\/api.w.org\/{rel}","templated":true}]}}