

{"id":51,"date":"2015-03-18T19:21:12","date_gmt":"2015-03-18T18:21:12","guid":{"rendered":"http:\/\/localhost\/wordpress_asso\/?page_id=51"},"modified":"2018-11-15T17:46:11","modified_gmt":"2018-11-15T21:46:11","slug":"statuts-reglements-et-politiques","status":"publish","type":"page","link":"https:\/\/www.assofxg.com\/?page_id=51","title":{"rendered":"Statuts, r\u00e8glements et politiques"},"content":{"rendered":"<p>L\u2019Association \u00e9tudiante, ses comit\u00e9s et ses ex\u00e9cutant-es suivent des r\u00e8gles dont les objectifs sont de favoriser la transparence, la reddition des comptes, la participation de tous et toutes et la d\u00e9mocratie. Ces r\u00e8gles se retrouvent dans la charte, les Statuts de l\u2019Association \u00e9tudiante, le r\u00e8glement n<sup>o<\/sup> 1 et ses annexes. Ensuite, l\u2019assembl\u00e9e g\u00e9n\u00e9rale \u00e9tudiante\u00a0peut pr\u00e9ciser certaines r\u00e8gles et le Conseil d\u2019administration peut adopter une r\u00e9gie et des politiques internes.<\/p>\n<p>&nbsp;<\/p>\n<ul>\n<li><a href=\"http:\/\/www.assofxg.com\/?attachment_id=697\" rel=\"attachment wp-att-697\">Statuts et re\u0300glements 2017<\/a><\/li>\n<li><a href=\"http:\/\/www.assofxg.com\/wp-content\/uploads\/2015\/03\/Annexe-2-procedures-electorale-H-12.pdf\">Annexe 2 \u2013 Proc\u00e9dures \u00e9lectorale<\/a>s<\/li>\n<li><a href=\"http:\/\/www.assofxg.com\/?attachment_id=566\" rel=\"attachment wp-att-566\">ANNEXE 3 &#8211; procedures referendaires 2012<\/a><\/li>\n<li><a href=\"http:\/\/www.assofxg.com\/wp-content\/uploads\/2015\/03\/Politique-de-subventions.pdf\">Politique de subventions<\/a><\/li>\n<li><a href=\"http:\/\/www.assofxg.com\/wp-content\/uploads\/2015\/03\/Politique-de-frais-de-representation-2012.pdf\">Politique de frais de repr\u00e9sentation<\/a><\/li>\n<\/ul>\n","protected":false},"excerpt":{"rendered":"<p>L\u2019Association \u00e9tudiante, ses comit\u00e9s et ses ex\u00e9cutant-es suivent des r\u00e8gles dont les objectifs sont de favoriser la transparence, la reddition&hellip;<\/p>\n","protected":false},"author":1,"featured_media":0,"parent":0,"menu_order":0,"comment_status":"open","ping_status":"open","template":"","meta":{"footnotes":""},"class_list":["post-51","page","type-page","status-publish","hentry","post"],"_links":{"self":[{"href":"https:\/\/www.assofxg.com\/index.php?rest_route=\/wp\/v2\/pages\/51"}],"collection":[{"href":"https:\/\/www.assofxg.com\/index.php?rest_route=\/wp\/v2\/pages"}],"about":[{"href":"https:\/\/www.assofxg.com\/index.php?rest_route=\/wp\/v2\/types\/page"}],"author":[{"embeddable":true,"href":"https:\/\/www.assofxg.com\/index.php?rest_route=\/wp\/v2\/users\/1"}],"replies":[{"embeddable":true,"href":"https:\/\/www.assofxg.com\/index.php?rest_route=%2Fwp%2Fv2%2Fcomments&post=51"}],"version-history":[{"count":8,"href":"https:\/\/www.assofxg.com\/index.php?rest_route=\/wp\/v2\/pages\/51\/revisions"}],"predecessor-version":[{"id":1231,"href":"https:\/\/www.assofxg.com\/index.php?rest_route=\/wp\/v2\/pages\/51\/revisions\/1231"}],"wp:attachment":[{"href":"https:\/\/www.assofxg.com\/index.php?rest_route=%2Fwp%2Fv2%2Fmedia&parent=51"}],"curies":[{"name":"wp","href":"https:\/\/api.w.org\/{rel}","templated":true}]}}