

{"id":25,"date":"2015-03-10T21:02:20","date_gmt":"2015-03-10T20:02:20","guid":{"rendered":"http:\/\/localhost\/wordpress_asso\/?page_id=25"},"modified":"2026-03-15T17:06:37","modified_gmt":"2026-03-15T21:06:37","slug":"documents","status":"publish","type":"page","link":"https:\/\/www.assofxg.com\/?page_id=25","title":{"rendered":"Documents"},"content":{"rendered":"<h2 class=\"page-title\"><a title=\"Statuts, r\u00e8glements et politiques\" href=\"http:\/\/www.assofxg.com\/?page_id=51\">Statuts, r\u00e8glements et politiques<\/a><\/h2>\n<h2 class=\"page-title\"><a title=\"Cahier de revendications\" href=\"http:\/\/www.assofxg.com\/?page_id=59\">Cahier de revendications<\/a><\/h2>\n<h2 class=\"page-title\"><a title=\"Proc\u00e8s verbaux\" href=\"http:\/\/www.assofxg.com\/?page_id=61\">Proc\u00e8s verbaux<\/a><\/h2>\n<h2 class=\"page-title\"><a title=\"Documents divers\" href=\"http:\/\/www.assofxg.com\/?page_id=72\">Documents divers<\/a><\/h2>\n<h2><a href=\"http:\/\/www.assofxg.com\/?attachment_id=707\" rel=\"attachment wp-att-707\">Re\u0301gie interne 2016<\/a><\/h2>\n<h2><a href=\"http:\/\/www.assofxg.com\/wp-content\/uploads\/2015\/03\/Formulaire-soutien-vie-democratique.pdf\">Formulaire de soutien \u00e0 la vie d\u00e9mocratique<\/a><\/h2>\n<h2><a href=\"https:\/\/www.assofxg.com\/?page_id=1316\">\u00c9tats financiers v\u00e9rifi\u00e9s<\/a><\/h2>\n<h2>Pour ceux et celles qui s&#8217;opposent ou soutiennent une revendication \u00e0 l&#8217;ordre du jour d&#8217;une assembl\u00e9e g\u00e9n\u00e9rale, l&#8217;Association \u00e9tudiante offre des ressources. Ben oui, on finance m\u00eame les oppositions!<\/h2>\n","protected":false},"excerpt":{"rendered":"<p>Statuts, r\u00e8glements et politiques Cahier de revendications Proc\u00e8s verbaux Documents divers Re\u0301gie interne 2016 Formulaire de soutien \u00e0 la vie&hellip;<\/p>\n","protected":false},"author":1,"featured_media":0,"parent":0,"menu_order":0,"comment_status":"open","ping_status":"open","template":"","meta":{"footnotes":""},"class_list":["post-25","page","type-page","status-publish","hentry","post"],"_links":{"self":[{"href":"https:\/\/www.assofxg.com\/index.php?rest_route=\/wp\/v2\/pages\/25"}],"collection":[{"href":"https:\/\/www.assofxg.com\/index.php?rest_route=\/wp\/v2\/pages"}],"about":[{"href":"https:\/\/www.assofxg.com\/index.php?rest_route=\/wp\/v2\/types\/page"}],"author":[{"embeddable":true,"href":"https:\/\/www.assofxg.com\/index.php?rest_route=\/wp\/v2\/users\/1"}],"replies":[{"embeddable":true,"href":"https:\/\/www.assofxg.com\/index.php?rest_route=%2Fwp%2Fv2%2Fcomments&post=25"}],"version-history":[{"count":11,"href":"https:\/\/www.assofxg.com\/index.php?rest_route=\/wp\/v2\/pages\/25\/revisions"}],"predecessor-version":[{"id":1325,"href":"https:\/\/www.assofxg.com\/index.php?rest_route=\/wp\/v2\/pages\/25\/revisions\/1325"}],"wp:attachment":[{"href":"https:\/\/www.assofxg.com\/index.php?rest_route=%2Fwp%2Fv2%2Fmedia&parent=25"}],"curies":[{"name":"wp","href":"https:\/\/api.w.org\/{rel}","templated":true}]}}