

{"id":15,"date":"2015-03-10T19:05:01","date_gmt":"2015-03-10T18:05:01","guid":{"rendered":"http:\/\/localhost\/wordpress_asso\/?page_id=15"},"modified":"2026-03-15T17:24:22","modified_gmt":"2026-03-15T21:24:22","slug":"impliquez-vous","status":"publish","type":"page","link":"https:\/\/www.assofxg.com\/?page_id=15","title":{"rendered":"Les \u00e9lu.es"},"content":{"rendered":"<h2 class=\"page-title\">\u00c9quipe<\/h2>\n<div class=\"entry\">\n<h4>Cooordonatrice<\/h4>\n<p>Laurence Letourneau (elle)<\/p>\n<p><a href=\"mailto:%63%6f%6f%72%64%6f%40%61%73%73%6f%66%78%67%2e%63%6f%6d\">coordo@assofxg.com<\/a><\/p>\n<p style=\"font-weight: 400;\">La personne coordonnatrice est la porte-parole de l&#8217;association. Elle en assume la bonne guidance et voit \u00e0 un bon esprit d&#8217;\u00e9quipe. Elle coordonne et supervise les diff\u00e9rentes instances et activit\u00e9s.<\/p>\n<h4>Cooordonateur adjoint<\/h4>\n<p>Xavier Dufort (il)<\/p>\n<p><a href=\"mailto:%63%6f%6f%72%64%6f%2e%61%64%6a%40%61%73%73%6f%66%78%67%2e%63%6f%6d\">coordo.adj@assofxg.com<\/a><\/p>\n<p>La personne coordonatrice adjointe remplace la personne \u00e0 la coordination avec plein pouvoir en cas d&#8217;absence ou d&#8217;incapacit\u00e9. Elle est responsable de la bonne marche quotidienne de l&#8217;Association. Elle est aussi la responsable de l\u2019\u00e9laboration, la r\u00e9vision et l&#8217;application de l&#8217;ensemble des politiques, proc\u00e9dures et r\u00e8glements de l&#8217;association. Elle entretient des liens avec les diff\u00e9rents organismes du Coll\u00e8ge tel que le Service des affaires \u00e9tudiantes et communautaires, la Caf\u00e9t\u00e9ria, la Coop et la Fondation.<\/p>\n<h4>Responsable aux finances<\/h4>\n<p>Xavier Chr\u00e9tien (il)<\/p>\n<p><a href=\"mailto:%66%69%6e%61%6e%63%65%73%40%61%73%73%6f%66%78%67%2e%63%6f%6d\">finances@assofxg.com<\/a><\/p>\n<p style=\"font-weight: 400;\">La personne Responsable des finances supervise et coordonne toutes les activit\u00e9s financi\u00e8res de l&#8217;association. Elle s&#8217;assure que la gestion financi\u00e8re de la corporation est ad\u00e9quate et saine. Elle doit donc \u00eatre, autant que possible, toujours au courant de l&#8217;\u00e9tat des finances de l&#8217;association. Elle a la charge des fonds de l&#8217;association et de ses livres de comptabilit\u00e9. Elle doit voir aussi \u00e0 la planification et au contr\u00f4le des budgets globaux de l&#8217;association. Elle est aussi responsable de la planification du d\u00e9veloppement des services de l&#8217;association.<\/p>\n<h4>Responsable aux communications<\/h4>\n<p>Marie-Paule Latha N&#8217;Guessan N&#8217;Dri (elle)<\/p>\n<p><a href=\"mailto:webmestre@assofxg.com\">webmestre@assofxg.com<\/a><\/p>\n<p style=\"font-weight: 400;\">La personne Responsable des communications est l&#8217;agente d&#8217;information entre l&#8217;association et l&#8217;ensemble de ses membres. Elle est, avec le coordonnateur, charg\u00e9 de l\u2019ensemble des relations publiques notamment avec les m\u00e9dias. Elle assure la coordination des communications internes de l&#8217;association. Elle est responsable du <em>marketing<\/em> de l&#8217;association.<\/p>\n<h4>Responsable aux affaires internes<\/h4>\n<p>Sorelle Kagam (elle)<\/p>\n<\/div>\n<p style=\"font-weight: 400;\">La personne Responsable aux affaires internes est la personne qui coordonne et supervise les activit\u00e9s courantes de l&#8217;association \u00e0 l&#8217;int\u00e9rieur des comit\u00e9s \u00e9tudiants. Elle est donc est le lien entre la corporation et les diff\u00e9rents comit\u00e9s \u00e9tudiants et s&#8217;assure qu&#8217;il y a de bonnes communications entre les comit\u00e9s. Elle repr\u00e9sente aussi d&#8217;une mani\u00e8re g\u00e9n\u00e9rale leurs int\u00e9r\u00eats et les fait parvenir au CA et CE.<\/p>\n<div class=\"entry\">\n<h4>Responsable aux affaires p\u00e9dagogiques<\/h4>\n<p>Jade Lavoie (elle)<\/p>\n<p style=\"font-weight: 400;\">La personne Responsable aux affaires p\u00e9dagogiques est la personne qui coordonne et supervise les activit\u00e9s et dossiers de l&#8217;association qui se rattachent aux \u00e9tudes et \u00e0 la p\u00e9dagogie. Elle coordonne les actions li\u00e9es \u00e0 la d\u00e9fense des droits des \u00e9tudiant.e.s concernant leurs \u00e9tudes. Elle repr\u00e9sente d&#8217;une mani\u00e8re g\u00e9n\u00e9rale les int\u00e9r\u00eats des membres au sujet de leurs \u00e9tudes.<\/p>\n<h4>Responsable \u00e0 la vie \u00e9tudiante<\/h4>\n<p>Mathieu Fortier (il)<\/p>\n<p style=\"font-weight: 400;\">La personne Responsable \u00e0 la vie \u00e9tudiante est la personne qui organise et coordonne les activit\u00e9s sociales, culturelles et sportives de l&#8217;association. En cette mati\u00e8re, c&#8217;est elle qui fait la premi\u00e8re analyse des projets soumis \u00e0 l&#8217;association. Elle propose et coordonne des actions propres \u00e0 maintenir ou am\u00e9liorer la qualit\u00e9 de vie des \u00e9tudiant.e.s \u00e0 l&#8217;int\u00e9rieur du Coll\u00e8ge.<\/p>\n<h4>Responsable aux affaires externes<\/h4>\n<p>Soren Vial Tardif (iel)<\/p>\n<p><a href=\"mailto:externe@assofxg.com\">externe@assofxg.com<\/a><\/p>\n<p style=\"font-weight: 400;\">La personne Responsable aux affaires externes est celle qui entretient des relations avec les autres associations \u00e9tudiantes locales et nationales. Elle est la personne principale qui traite les dossiers politiques. Il voit donc \u00e0 cr\u00e9er des contacts externes \u00e0 l&#8217;association et au C\u00e9gep Garneau pour soutenir les activit\u00e9s, op\u00e9rations et objectifs de la corporation. En r\u00e9sum\u00e9, elle est la personne de liaison avec la plupart des organismes externes \u00e0 l&#8217;association et au c\u00e9gep. Elle travaille de concert avec la personne responsable aux affaires internationales et environnementales.<\/p>\n<h4>Responsable aux affaires internationales et environnementales<\/h4>\n<p>Jonathan St-Laurent (il)<\/p>\n<p style=\"font-weight: 400;\">Le Responsable aux affaires internationales et environnementales est la personne qui a comme mandat de cr\u00e9er des liens durables avec les organismes ayant pour but l&#8217;analyse et la critique des dossiers internationaux et environnementaux. Elle est la personne principale qui voit \u00e0 la conscientisation des \u00e9tudiant.e.s dans ces dossiers. Cette personne est un lien privil\u00e9gi\u00e9 avec Garneau-International. Elle travaille de concert avec la personne Responsable aux affaires externes.<\/p>\n<h4>Repr\u00e9sentant des comit\u00e9s de services et socioculturel<\/h4>\n<p>Poste \u00e0 combler<\/p>\n<p style=\"font-weight: 400;\">Les personnes repr\u00e9sentantes des comit\u00e9s \u00e9tudiants repr\u00e9sentent les int\u00e9r\u00eats et les besoins des comit\u00e9s dont elles assurent la repr\u00e9sentation. Elles voient \u00e0 transmettre les informations provenant du C.A. jusqu&#8217;\u00e0 leurs membres et comit\u00e9s repr\u00e9sent\u00e9s. Elles doivent apporter au C.A., et au Responsable aux affaires internes les recommandations, les suggestions et les besoins des comit\u00e9s de leurs secteurs.<\/p>\n<h4>Repr\u00e9sentant.e des comit\u00e9s d\u2019information<\/h4>\n<p>Colin Groulx (il)<\/p>\n<p style=\"font-weight: 400;\">Les personnes repr\u00e9sentantes des comit\u00e9s \u00e9tudiants repr\u00e9sentent les int\u00e9r\u00eats et les besoins des comit\u00e9s dont elles assurent la repr\u00e9sentation. Elles voient \u00e0 transmettre les informations provenant du C.A. jusqu&#8217;\u00e0 leurs membres et comit\u00e9s repr\u00e9sent\u00e9s. Elles doivent apporter au C.A., et au Responsable aux affaires internes les recommandations, les suggestions et les besoins des comit\u00e9s de leurs secteurs.<\/p>\n<h4>Repr\u00e9sentant des programmes pr\u00e9-universitaires<\/h4>\n<p>Charlo Plamondon (iel)<\/p>\n<p style=\"font-weight: 400;\">Les personnes repr\u00e9sentant les secteurs d\u00e9fendent les int\u00e9r\u00eats et les r\u00e9alit\u00e9s du secteur qui leur est associ\u00e9. Elles voient \u00e0 transmettre les informations provenant du C.A. jusqu&#8217;aux \u00e9tudiants de leur secteur. Elles doivent apporter au CA les recommandations, les suggestions et les besoins des membres.<\/p>\n<h4>Repr\u00e9sentant.e des programmes techniques<\/h4>\n<p>Charly-Soleil Caron-Lapierre (iel)<\/p>\n<p style=\"font-weight: 400;\">Les personnes repr\u00e9sentant les secteurs d\u00e9fendent les int\u00e9r\u00eats et les r\u00e9alit\u00e9s du secteur qui leur est associ\u00e9. Elles voient \u00e0 transmettre les informations provenant du C.A. jusqu&#8217;aux \u00e9tudiants de leur secteur. Elles doivent apporter au CA les recommandations, les suggestions et les besoins des membres.<\/p>\n<h4>\u00c9tudiant.e libre<\/h4>\n<p>Ayah El Harchi (elle)<\/p>\n<p style=\"font-weight: 400;\">La personne administratrice \u00e9tudiant.e libre est une personne qui s&#8217;int\u00e9resse \u00e0 l&#8217;association et qui souhaite participer \u00e0 sa gestion sans toutefois y remplir une t\u00e2che ex\u00e9cutive. Elle ne peut s\u2019occuper d\u2019un poste de responsabilit\u00e9 dans un comit\u00e9 \u00e9tudiant. Sa responsabilit\u00e9 est d&#8217;assister aux r\u00e9unions, de participer aux d\u00e9cisions et de prendre connaissance des dossiers qu&#8217;on lui soumet pour des fins de d\u00e9cisions en CA. Elle peut faire partie de comit\u00e9s ad hoc de l\u2019AGECFXG, s\u2019il le d\u00e9sire.<\/p>\n<h4>Permanence et employ\u00e9.es<\/h4>\n<p>F\u00e9lix Bouffard (il) (<a href=\"mailto:comm@assof%78g.com\">comm@assofxg.com<\/a>), organisateur communautaire<\/p>\n<p>Vincent Boissonneault, (il), (<a href=\"mailto:comm@assof%78g.com\">comm@assofxg.com<\/a>), adjoint administratif et organisateur communautaire<\/p>\n<p>Marika Verreault (elle) superviseure du Caf\u00e9 Oxymel<\/p>\n<p>Ma\u00e9 Bonneau (elle), secr\u00e9taire<\/p>\n<\/div>\n","protected":false},"excerpt":{"rendered":"<p>\u00c9quipe Cooordonatrice Laurence Letourneau (elle) coordo@assofxg.com La personne coordonnatrice est la porte-parole de l&#8217;association. Elle en assume la bonne guidance&hellip;<\/p>\n","protected":false},"author":1,"featured_media":0,"parent":0,"menu_order":0,"comment_status":"open","ping_status":"open","template":"","meta":{"footnotes":""},"class_list":["post-15","page","type-page","status-publish","hentry","post"],"_links":{"self":[{"href":"https:\/\/www.assofxg.com\/index.php?rest_route=\/wp\/v2\/pages\/15"}],"collection":[{"href":"https:\/\/www.assofxg.com\/index.php?rest_route=\/wp\/v2\/pages"}],"about":[{"href":"https:\/\/www.assofxg.com\/index.php?rest_route=\/wp\/v2\/types\/page"}],"author":[{"embeddable":true,"href":"https:\/\/www.assofxg.com\/index.php?rest_route=\/wp\/v2\/users\/1"}],"replies":[{"embeddable":true,"href":"https:\/\/www.assofxg.com\/index.php?rest_route=%2Fwp%2Fv2%2Fcomments&post=15"}],"version-history":[{"count":52,"href":"https:\/\/www.assofxg.com\/index.php?rest_route=\/wp\/v2\/pages\/15\/revisions"}],"predecessor-version":[{"id":1330,"href":"https:\/\/www.assofxg.com\/index.php?rest_route=\/wp\/v2\/pages\/15\/revisions\/1330"}],"wp:attachment":[{"href":"https:\/\/www.assofxg.com\/index.php?rest_route=%2Fwp%2Fv2%2Fmedia&parent=15"}],"curies":[{"name":"wp","href":"https:\/\/api.w.org\/{rel}","templated":true}]}}