

{"id":1316,"date":"2026-03-15T17:01:42","date_gmt":"2026-03-15T21:01:42","guid":{"rendered":"https:\/\/www.assofxg.com\/?page_id=1316"},"modified":"2026-03-15T17:35:43","modified_gmt":"2026-03-15T21:35:43","slug":"etats-financier-verifies","status":"publish","type":"page","link":"https:\/\/www.assofxg.com\/?page_id=1316","title":{"rendered":"\u00c9tats financiers v\u00e9rifi\u00e9s"},"content":{"rendered":"\n<h2 class=\"wp-block-heading\">\u00c9tats financiers au 30 juin 2025<\/h2>\n\n\n\n<div class=\"wp-block-group\"><div class=\"wp-block-group__inner-container is-layout-constrained wp-block-group-is-layout-constrained\">\n<div data-wp-interactive=\"core\/file\" class=\"wp-block-file\"><object data-wp-bind--hidden=\"!state.hasPdfPreview\"  class=\"wp-block-file__embed\" data=\"https:\/\/www.assofxg.com\/wp-content\/uploads\/2026\/03\/AGECFXG_2025.pdf\" type=\"application\/pdf\" style=\"width:100%;height:600px\" aria-label=\"Contenu embarqu\u00e9 AGECFXG_2025.\"><\/object><a id=\"wp-block-file--media-6ef36c6d-4892-4dd3-b4f6-bea66b993c87\" href=\"https:\/\/www.assofxg.com\/wp-content\/uploads\/2026\/03\/AGECFXG_2025.pdf\">AGECFXG_2025<\/a><a href=\"https:\/\/www.assofxg.com\/wp-content\/uploads\/2026\/03\/AGECFXG_2025.pdf\" class=\"wp-block-file__button wp-element-button\" download aria-describedby=\"wp-block-file--media-6ef36c6d-4892-4dd3-b4f6-bea66b993c87\">T\u00e9l\u00e9charger<\/a><\/div>\n<\/div><\/div>\n\n\n\n<h2 class=\"wp-block-heading\">\u00c9tats financiers au 30 juin 2024<\/h2>\n\n\n\n<p>jhgkjhgkjhgkjhgkjhgkjhgkjgkjgkjhgkjh<\/p>\n\n\n\n<p>bm,b,mnb,mb,mb<\/p>\n\n\n\n<p>mnbvmnvmnbv<\/p>\n\n\n\n<p><\/p>\n\n\n\n<p><\/p>\n\n\n\n<p><\/p>\n\n\n\n<div class=\"wp-block-group\"><div class=\"wp-block-group__inner-container is-layout-constrained wp-block-group-is-layout-constrained\">\n<div data-wp-interactive=\"core\/file\" class=\"wp-block-file\"><object data-wp-bind--hidden=\"!state.hasPdfPreview\"  class=\"wp-block-file__embed\" data=\"https:\/\/www.assofxg.com\/wp-content\/uploads\/2026\/03\/AGECFXG_2024.pdf\" type=\"application\/pdf\" style=\"width:100%;height:600px\" aria-label=\"Contenu embarqu\u00e9 AGECFXG_2024.\"><\/object><a id=\"wp-block-file--media-9ace7298-4e01-4b36-adc3-4c9442b3557b\" href=\"https:\/\/www.assofxg.com\/wp-content\/uploads\/2026\/03\/AGECFXG_2024.pdf\">AGECFXG_2024<\/a><a href=\"https:\/\/www.assofxg.com\/wp-content\/uploads\/2026\/03\/AGECFXG_2024.pdf\" class=\"wp-block-file__button wp-element-button\" download aria-describedby=\"wp-block-file--media-9ace7298-4e01-4b36-adc3-4c9442b3557b\">T\u00e9l\u00e9charger<\/a><\/div>\n<\/div><\/div>\n\n\n\n<p><\/p>\n\n\n\n<p>jhgkjghhkjgvkjhgkjhg<\/p>\n\n\n\n<p>mnbvmnbvmnvmnbvmnvmnbv<\/p>\n\n\n\n<p><\/p>\n\n\n\n<p><\/p>\n\n\n\n<h2 class=\"wp-block-heading\">\u00c9tats financiers au 30 juin 2023<\/h2>\n\n\n\n<p>hgcjhgfjhgfjhfgj<\/p>\n\n\n\n<p><\/p>\n\n\n\n<p><\/p>\n\n\n\n<div class=\"wp-block-group\"><div class=\"wp-block-group__inner-container is-layout-constrained wp-block-group-is-layout-constrained\">\n<div data-wp-interactive=\"core\/file\" class=\"wp-block-file\"><object data-wp-bind--hidden=\"!state.hasPdfPreview\"  class=\"wp-block-file__embed\" data=\"https:\/\/www.assofxg.com\/wp-content\/uploads\/2026\/03\/AGECFXG_2023.pdf\" type=\"application\/pdf\" style=\"width:100%;height:600px\" aria-label=\"Contenu embarqu\u00e9 AGECFXG_2023.\"><\/object><a id=\"wp-block-file--media-dad34837-1592-484f-8aaf-96bc7cdd3527\" href=\"https:\/\/www.assofxg.com\/wp-content\/uploads\/2026\/03\/AGECFXG_2023.pdf\">AGECFXG_2023<\/a><a href=\"https:\/\/www.assofxg.com\/wp-content\/uploads\/2026\/03\/AGECFXG_2023.pdf\" class=\"wp-block-file__button wp-element-button\" download aria-describedby=\"wp-block-file--media-dad34837-1592-484f-8aaf-96bc7cdd3527\">T\u00e9l\u00e9charger<\/a><\/div>\n<\/div><\/div>\n","protected":false},"excerpt":{"rendered":"<p>\u00c9tats financiers au 30 juin 2025 \u00c9tats financiers au 30 juin 2024 jhgkjhgkjhgkjhgkjhgkjhgkjgkjgkjhgkjh bm,b,mnb,mb,mb mnbvmnvmnbv jhgkjghhkjgvkjhgkjhg mnbvmnbvmnvmnbvmnvmnbv \u00c9tats financiers au&hellip;<\/p>\n","protected":false},"author":1,"featured_media":0,"parent":0,"menu_order":0,"comment_status":"closed","ping_status":"closed","template":"","meta":{"footnotes":""},"class_list":["post-1316","page","type-page","status-publish","hentry","post"],"_links":{"self":[{"href":"https:\/\/www.assofxg.com\/index.php?rest_route=\/wp\/v2\/pages\/1316"}],"collection":[{"href":"https:\/\/www.assofxg.com\/index.php?rest_route=\/wp\/v2\/pages"}],"about":[{"href":"https:\/\/www.assofxg.com\/index.php?rest_route=\/wp\/v2\/types\/page"}],"author":[{"embeddable":true,"href":"https:\/\/www.assofxg.com\/index.php?rest_route=\/wp\/v2\/users\/1"}],"replies":[{"embeddable":true,"href":"https:\/\/www.assofxg.com\/index.php?rest_route=%2Fwp%2Fv2%2Fcomments&post=1316"}],"version-history":[{"count":7,"href":"https:\/\/www.assofxg.com\/index.php?rest_route=\/wp\/v2\/pages\/1316\/revisions"}],"predecessor-version":[{"id":1333,"href":"https:\/\/www.assofxg.com\/index.php?rest_route=\/wp\/v2\/pages\/1316\/revisions\/1333"}],"wp:attachment":[{"href":"https:\/\/www.assofxg.com\/index.php?rest_route=%2Fwp%2Fv2%2Fmedia&parent=1316"}],"curies":[{"name":"wp","href":"https:\/\/api.w.org\/{rel}","templated":true}]}}