

{"id":1294,"date":"2025-10-27T08:46:29","date_gmt":"2025-10-27T12:46:29","guid":{"rendered":"https:\/\/www.assofxg.com\/?page_id=1294"},"modified":"2025-10-27T08:47:46","modified_gmt":"2025-10-27T12:47:46","slug":"ressources","status":"publish","type":"page","link":"https:\/\/www.assofxg.com\/?page_id=1294","title":{"rendered":"Ressources"},"content":{"rendered":"\n<p>Le c\u00e9gep<\/p>\n\n\n\n<ul class=\"wp-block-list\">\n<li><a href=\"https:\/\/www.cegepgarneau.ca\/\" target=\"_blank\" rel=\"noreferrer noopener\">Site Web du C\u00e9gep<\/a><\/li>\n\n\n\n<li><a href=\"https:\/\/forms.office.com\/Pages\/ResponsePage.aspx?id=-keoxCwelE2hrC7YHdtgCkSYLiEii3tLoduN4P5RdjBUNzQwMVpRNjdQVjM5TEQwRVZKOTYzQ1lRSi4u\" target=\"_blank\" rel=\"noreferrer noopener\">Formulaire de plainte<\/a><\/li>\n\n\n\n<li><a href=\"http:\/\/www.assofxg.com\/wp-content\/uploads\/2023\/04\/Demande-de-revision-de-note-en-cours-de-session-1.pdf\" target=\"_blank\" rel=\"noreferrer noopener\">R\u00e9vision de notes<\/a><\/li>\n\n\n\n<li><a href=\"http:\/\/cegep-fxg.omnivox.ca\/\" target=\"_blank\" rel=\"noreferrer noopener\">Portail Omnivox<\/a><\/li>\n\n\n\n<li><a href=\"https:\/\/flash.cegepgarneau.ca\/\" target=\"_blank\" rel=\"noreferrer noopener\">Flash Garneau<\/a><\/li>\n\n\n\n<li><a href=\"https:\/\/bottin.cegepgarneau.ca\/\" target=\"_blank\" rel=\"noreferrer noopener\">Bottin<\/a><\/li>\n\n\n\n<li><a href=\"https:\/\/bibliotheque.cegepgarneau.ca\/\" target=\"_blank\" rel=\"noreferrer noopener\">Biblioth\u00e8que<\/a><\/li>\n<\/ul>\n\n\n\n<p>Les entreprises tierces<\/p>\n\n\n\n<ul class=\"wp-block-list\">\n<li><a href=\"https:\/\/cliniques-ecoles.cegepgarneau.ca\/\" target=\"_blank\" rel=\"noreferrer noopener\">Les cliniques-\u00e9coles de sant\u00e9<\/a><\/li>\n\n\n\n<li><a href=\"https:\/\/ee.cegepgarneau.ca\/?entreprises=garneau-travail\" target=\"_blank\" rel=\"noreferrer noopener\">Garneau Travail<\/a><\/li>\n\n\n\n<li><a href=\"https:\/\/ee.cegepgarneau.ca\/?entreprises=jeune-coop-roue-libre\" target=\"_blank\" rel=\"noreferrer noopener\">La jeune Coop Roue-Libre<\/a><\/li>\n\n\n\n<li><a href=\"https:\/\/www.monsitew.com\/Site\/cpelafrimousse\/\" target=\"_blank\" rel=\"noreferrer noopener\">CPE la Frimousse<\/a><\/li>\n\n\n\n<li><a href=\"http:\/\/www.cdsp.qc.ca\/\" target=\"_blank\" rel=\"noreferrer noopener\">Centre de d\u00e9monstration en sciences physiques<\/a><\/li>\n\n\n\n<li><a href=\"http:\/\/www.fondation.cegep-fxg.qc.ca\/\" target=\"_blank\" rel=\"noreferrer noopener\">Fondation<\/a><\/li>\n\n\n\n<li><a href=\"http:\/\/www.coopfxgarneau.com\/\" target=\"_blank\" rel=\"noreferrer noopener\">Coopsco<\/a><\/li>\n\n\n\n<li><a href=\"https:\/\/www.cegepgarneau.ca\/services\/logements\" target=\"_blank\" rel=\"noreferrer noopener\">R\u00e9sidences du Vieux-Ch\u00e2teau<\/a><\/li>\n<\/ul>\n\n\n\n<h2 class=\"wp-block-heading\"><\/h2>\n\n\n\n<h2 class=\"wp-block-heading\">Ressources d\u2019aide<\/h2>\n\n\n\n<p>Pour obtenir de l\u2019aide au c\u00e9gep, pr\u00e9sente-toi au Service psychosocial et communautaire (local A-2179) o\u00f9 se trouve une \u00e9quipe de psychologues et de travailleuses sociales.&nbsp;En cas d\u2019urgence, tu peux aussi contacter la s\u00e9curit\u00e9 au 418.688.8310 poste 2233 ou en te pr\u00e9senter \u00e0 leur poste, \u00e0 l\u2019entr\u00e9e du A (1660 Boul. de l&#8217;Entente).<\/p>\n\n\n\n<p>Violences \u00e0 caract\u00e8re sexuel<\/p>\n\n\n\n<p><a href=\"https:\/\/www.cegepgarneau.ca\/services\/violences-a-caractere-sexuel\" target=\"_blank\" rel=\"noreferrer noopener\">Violences \u00e0 caract\u00e8re sexuel (VACS)<\/a><\/p>\n\n\n\n<p>Service de r\u00e9f\u00e9rence vers les organismes et les services de la r\u00e9gion<\/p>\n\n\n\n<ul class=\"wp-block-list\">\n<li><a href=\"http:\/\/www.211quebecregions.ca\/\">211<\/a><\/li>\n<\/ul>\n\n\n\n<p>Pr\u00e9vention du suicide<\/p>\n\n\n\n<ul class=\"wp-block-list\">\n<li><a href=\"http:\/\/www.cpsquebec.ca\/\" target=\"_blank\" rel=\"noreferrer noopener\">Centre de pr\u00e9vention du suicide<\/a>\u00a0: 1.866.APPELLE (1.866.277.3553)<\/li>\n\n\n\n<li><a href=\"http:\/\/www.centredecrise.com\/\" target=\"_blank\" rel=\"noreferrer noopener\">Centre de crise de Qu\u00e9bec<\/a>\u00a0: 418.688.4240<\/li>\n<\/ul>\n\n\n\n<p>Troubles alimentaires<\/p>\n\n\n\n<ul class=\"wp-block-list\">\n<li><a href=\"http:\/\/www.maisoneclaircie.qc.ca\/\" target=\"_blank\" rel=\"noreferrer noopener\">Maison de transition l\u2019\u00c9claircie<\/a>\u00a0: 1 800 630-0907<\/li>\n\n\n\n<li><a href=\"http:\/\/www.anebquebec.com\/\" target=\"_blank\" rel=\"noreferrer noopener\">ANEB Qu\u00e9bec<\/a>\u00a0: 1.800.630.0907<\/li>\n<\/ul>\n\n\n\n<p>Sant\u00e9 mentale<\/p>\n\n\n\n<ul class=\"wp-block-list\">\n<li><a href=\"http:\/\/www.centredecrise.com\/\" target=\"_blank\" rel=\"noreferrer noopener\">Centre de crise de Qu\u00e9bec<\/a>\u00a0: 418.688.4240<\/li>\n\n\n\n<li><a href=\"http:\/\/www.cerclepolaire.com\/\" target=\"_blank\" rel=\"noreferrer noopener\">Le Cercle Polaire<\/a>\u00a0: 418.623.4636<\/li>\n\n\n\n<li><a href=\"http:\/\/www.laboussole.ca\/\" target=\"_blank\" rel=\"noreferrer noopener\">La Boussole<\/a>\u00a0: 418.523.1502<\/li>\n<\/ul>\n\n\n\n<p>Toxicomanie et d\u00e9pendances<\/p>\n\n\n\n<ul class=\"wp-block-list\">\n<li><a href=\"http:\/\/assofxg.com\/ressources\/www.tasjuste1vie.com\" target=\"_blank\" rel=\"noreferrer noopener\">T\u2019as juste 1 vie<\/a><\/li>\n\n\n\n<li><a href=\"http:\/\/educalcool.qc.ca\/\" target=\"_blank\" rel=\"noreferrer noopener\">\u00c9duc\u2019alcool<\/a><\/li>\n\n\n\n<li><a href=\"http:\/\/www.jarrete.qc.ca\/\" target=\"_blank\" rel=\"noreferrer noopener\">J\u2019arr\u00eate, J\u2019y gagne<\/a>\u00a0: 1.866.JARRETE (1.866.527.7383)<\/li>\n\n\n\n<li><a href=\"http:\/\/misesurtoi.ca\/fr\/\" target=\"_blank\" rel=\"noreferrer noopener\">Mise sur toi<\/a><\/li>\n\n\n\n<li><a href=\"http:\/\/www.drogue-aidereference.qc.ca\/\" target=\"_blank\" rel=\"noreferrer noopener\">Drogue, aide et r\u00e9f\u00e9rence<\/a>\u00a0: 1.800.265.2626<\/li>\n\n\n\n<li><a href=\"http:\/\/jeu-aidereference.qc.ca\/\" target=\"_blank\" rel=\"noreferrer noopener\">Jeu, aide et r\u00e9f\u00e9rence<\/a>\u00a0: 1.866.SOS.JEUX (1.866.461.0140)<\/li>\n\n\n\n<li><a href=\"http:\/\/www.crdq.org\/\" target=\"_blank\" rel=\"noreferrer noopener\">Centre de r\u00e9adaptation Ubald-Villeneuve<\/a>\u00a0: 418.663.5008<\/li>\n\n\n\n<li><a href=\"http:\/\/www.legrandchemin.qc.ca\/\" target=\"_blank\" rel=\"noreferrer noopener\">Centre de r\u00e9adaptation Le Grand Chemin<\/a>\u00a0: 418.523.1218<\/li>\n<\/ul>\n\n\n\n<p>\u00c9coute t\u00e9l\u00e9phonique polyvalente<\/p>\n\n\n\n<ul class=\"wp-block-list\">\n<li><a href=\"http:\/\/teljeunes.com\/\" target=\"_blank\" rel=\"noreferrer noopener\">Tel-Jeunes<\/a>\u00a0: 1.800.263.2266<\/li>\n\n\n\n<li><a href=\"http:\/\/www.jeunessejecoute.ca\/\" target=\"_blank\" rel=\"noreferrer noopener\">Jeunesse, J\u2019\u00e9coute<\/a>\u00a0: 1.800.668.6868 (20 ans et moins)<\/li>\n<\/ul>\n\n\n\n<p>Sexualit\u00e9 et ITSS<\/p>\n\n\n\n<ul class=\"wp-block-list\">\n<li><a href=\"http:\/\/www.masexualite.ca\/\">Ma Sexualit\u00e9<\/a><\/li>\n\n\n\n<li><a href=\"http:\/\/itss.gouv.qc.ca\/\" target=\"_blank\" rel=\"noreferrer noopener\">Itss.gouv.qc.ca<\/a><\/li>\n<\/ul>\n\n\n\n<p>Grossesse<\/p>\n\n\n\n<ul class=\"wp-block-list\">\n<li><a href=\"http:\/\/assofxg.com\/ressources\/%22http:\/\/http:\/\/www.optionsgrossesse.com\/\">Options Grossesse<\/a><\/li>\n\n\n\n<li><a href=\"http:\/\/www.sosgrossesse.ca\/\">SOS Grossesse<\/a><\/li>\n<\/ul>\n\n\n\n<p>Agressions sexuelles<\/p>\n\n\n\n<p>&nbsp; &nbsp; &nbsp; &nbsp; &nbsp;&nbsp;<a href=\"http:\/\/www.rqcalacs.qc.ca\/\">http:\/\/www.rqcalacs.qc.ca\/<\/a>&nbsp;<\/p>\n\n\n\n<p>Viol Secours<\/p>\n\n\n\n<p>Orientation sexuelle<\/p>\n\n\n\n<ul class=\"wp-block-list\">\n<li><a href=\"http:\/\/www.miels.org\/prisme\/orientation-sexuelle\/\">PRISME-Qu\u00e9bec<\/a><\/li>\n\n\n\n<li><a href=\"http:\/\/www.gai-ecoute.qc.ca\/?scheme=4054\/\">Gai \u00c9coute<\/a><\/li>\n<\/ul>\n\n\n\n<p>Logement<\/p>\n\n\n\n<ul class=\"wp-block-list\">\n<li><a href=\"http:\/\/www.rdl.gouv.qc.ca\/fr\/accueil\/accueil.asp\">R\u00e9gie du logement<\/a><\/li>\n\n\n\n<li><a href=\"http:\/\/www.lebail.qc.ca\/\">Bureau d\u2019animation et information logement du Qu\u00e9bec M\u00e9tropolitain (BAIL)<\/a><\/li>\n<\/ul>\n\n\n\n<p>Recherche d\u2019emploi<\/p>\n\n\n\n<ul class=\"wp-block-list\">\n<li><a href=\"http:\/\/emploiquebec.net\/index.asp\" target=\"_blank\" rel=\"noreferrer noopener\">Emploi Qu\u00e9bec<\/a><\/li>\n\n\n\n<li><a href=\"http:\/\/www.optioncje.qc.ca\/\" target=\"_blank\" rel=\"noreferrer noopener\">Carrefour Jeunesse-Emploi de Ste-Foy<\/a>\u00a0: 418.651.6415<\/li>\n\n\n\n<li><a href=\"http:\/\/www.cjecn.qc.ca\/\" target=\"_blank\" rel=\"noreferrer noopener\">Carrefour Jeunesse-Emploi de la Capitale-Nationale<\/a>\u00a0: 418.524.2345<\/li>\n<\/ul>\n\n\n\n<p>Autres<\/p>\n\n\n\n<ul class=\"wp-block-list\">\n<li><a href=\"http:\/\/mdjlenvol.com\/aide2.php\">Maison des jeunes de Sainte-Foy<\/a><\/li>\n<\/ul>\n\n\n\n<h2 class=\"wp-block-heading\">Liens externes<\/h2>\n\n\n\n<p>Les regroupements nationaux<\/p>\n\n\n\n<ul class=\"wp-block-list\">\n<li><a href=\"http:\/\/www.latotale.info\/\" target=\"_blank\" rel=\"noreferrer noopener\">La Totale \u2013 partage de mat\u00e9riel<\/a><\/li>\n<\/ul>\n\n\n\n<p>Les syndicats<\/p>\n\n\n\n<ul class=\"wp-block-list\">\n<li><a href=\"http:\/\/www.spcfxg.qc.ca\/\" target=\"_blank\" rel=\"noreferrer noopener\">Syndicat des professeur-e-s<\/a><\/li>\n\n\n\n<li><a href=\"http:\/\/spsfxg.org\/\" target=\"_blank\" rel=\"noreferrer noopener\">Syndicat du personnel de soutien<\/a><\/li>\n\n\n\n<li>Syndicat des professionnel-le-s (pas de site)<\/li>\n\n\n\n<li><a href=\"http:\/\/arcfxg.cegep-fxg.qc.ca\/\" target=\"_blank\" rel=\"noreferrer noopener\">Association des retrait\u00e9-e-s du C\u00e9gep Garneau<\/a><\/li>\n\n\n\n<li><a href=\"http:\/\/www.accq.qc.ca\/\" target=\"_blank\" rel=\"noreferrer noopener\">Association des cadres des coll\u00e8ges du Qu\u00e9bec<\/a><\/li>\n<\/ul>\n\n\n\n<p>Le minist\u00e8re<\/p>\n\n\n\n<ul class=\"wp-block-list\">\n<li><a href=\"http:\/\/www.mels.gouv.qc.ca\/\" target=\"_blank\" rel=\"noreferrer noopener\">Site Web principal<\/a><\/li>\n\n\n\n<li><a href=\"http:\/\/www.mels.gouv.qc.ca\/eleves\/index2.asp?page=collegial\" target=\"_blank\" rel=\"noreferrer noopener\">Section sur les ressources coll\u00e9giales<\/a><\/li>\n\n\n\n<li><a href=\"http:\/\/www.afe.gouv.qc.ca\/\" target=\"_blank\" rel=\"noreferrer noopener\">Aide financi\u00e8re aux \u00e9tudes<\/a><\/li>\n\n\n\n<li><a href=\"http:\/\/www.sraq.qc.ca\/\" target=\"_blank\" rel=\"noreferrer noopener\">Service r\u00e9gional d\u2019admission au coll\u00e9gial de Qu\u00e9bec<\/a><\/li>\n\n\n\n<li><a href=\"http:\/\/www.mels.gouv.qc.ca\/ens-sup\/Outils\/Autrsite.asp\" target=\"_blank\" rel=\"noreferrer noopener\">Autres sites<\/a><\/li>\n<\/ul>\n","protected":false},"excerpt":{"rendered":"<p>Le c\u00e9gep Les entreprises tierces Ressources d\u2019aide Pour obtenir de l\u2019aide au c\u00e9gep, pr\u00e9sente-toi au Service psychosocial et communautaire (local&hellip;<\/p>\n","protected":false},"author":1,"featured_media":0,"parent":0,"menu_order":0,"comment_status":"closed","ping_status":"closed","template":"","meta":{"footnotes":""},"class_list":["post-1294","page","type-page","status-publish","hentry","post"],"_links":{"self":[{"href":"https:\/\/www.assofxg.com\/index.php?rest_route=\/wp\/v2\/pages\/1294"}],"collection":[{"href":"https:\/\/www.assofxg.com\/index.php?rest_route=\/wp\/v2\/pages"}],"about":[{"href":"https:\/\/www.assofxg.com\/index.php?rest_route=\/wp\/v2\/types\/page"}],"author":[{"embeddable":true,"href":"https:\/\/www.assofxg.com\/index.php?rest_route=\/wp\/v2\/users\/1"}],"replies":[{"embeddable":true,"href":"https:\/\/www.assofxg.com\/index.php?rest_route=%2Fwp%2Fv2%2Fcomments&post=1294"}],"version-history":[{"count":2,"href":"https:\/\/www.assofxg.com\/index.php?rest_route=\/wp\/v2\/pages\/1294\/revisions"}],"predecessor-version":[{"id":1298,"href":"https:\/\/www.assofxg.com\/index.php?rest_route=\/wp\/v2\/pages\/1294\/revisions\/1298"}],"wp:attachment":[{"href":"https:\/\/www.assofxg.com\/index.php?rest_route=%2Fwp%2Fv2%2Fmedia&parent=1294"}],"curies":[{"name":"wp","href":"https:\/\/api.w.org\/{rel}","templated":true}]}}