

{"id":61,"date":"2015-03-18T19:26:53","date_gmt":"2015-03-18T18:26:53","guid":{"rendered":"http:\/\/localhost\/wordpress_asso\/?page_id=61"},"modified":"2022-02-21T16:36:09","modified_gmt":"2022-02-21T20:36:09","slug":"proces-verbaux","status":"publish","type":"page","link":"http:\/\/www.assofxg.com\/?page_id=61","title":{"rendered":"Proc\u00e8s verbaux"},"content":{"rendered":"<p>L\u2019Assembl\u00e9e g\u00e9n\u00e9rale est l\u2019<a title=\"Qui sommes-nous ?\" href=\"http:\/\/www.assofxg.com\/?page_id=6\">instance<\/a> supr\u00eame de l\u2019association, et ses proc\u00e8s-verbaux sont publics. Pour consulter les proc\u00e8s-verbaux du conseil ex\u00e9cutif, du conseil d\u2019administration ou du conseil des comit\u00e9s, vous devez \u00eatre membre de l\u2019association et en faire la demande au local g\u00e9n\u00e9ral.<\/p>\n<h3>Archives<\/h3>\n<p>Assembl\u00e9e g\u00e9n\u00e9rale du 17 f\u00e9vrier 2022: <a href=\"http:\/\/www.assofxg.com\/?attachment_id=960\" rel=\"attachment wp-att-960\">142 AG 17-02-2022<\/a><\/p>\n<p>Assembl\u00e9e g\u00e9n\u00e9rale du 16 septembre 2021: <a href=\"http:\/\/www.assofxg.com\/?attachment_id=958\" rel=\"attachment wp-att-958\">141 AG 16-09-2021<\/a><\/p>\n<p>Assembl\u00e9e g\u00e9n\u00e9rale du 4 f\u00e9vrier 2021:\u00a0<a href=\"http:\/\/www.assofxg.com\/?attachment_id=916\" rel=\"attachment wp-att-916\">140 AG 4-02-2021<\/a><\/p>\n<p>Assembl\u00e9e g\u00e9n\u00e9rale du 17 septembre 2020: <a href=\"http:\/\/www.assofxg.com\/?attachment_id=911\" rel=\"attachment wp-att-911\">139-AG-17-09-2020<\/a><\/p>\n<p>Assembl\u00e9e g\u00e9n\u00e9rale du 3 avril 2020: <a href=\"http:\/\/www.assofxg.com\/?attachment_id=860\" rel=\"attachment wp-att-860\">138 AG 3-04-2020<\/a><\/p>\n<p>Assembl\u00e9e g\u00e9n\u00e9rale du 6 f\u00e9vrier 2020: <a href=\"http:\/\/www.assofxg.com\/?attachment_id=857\" rel=\"attachment wp-att-857\">137 AG 6-02-2020<\/a><\/p>\n<p>Assembl\u00e9e g\u00e9n\u00e9rale du 12 septembre 2019:\u00a0<a href=\"http:\/\/www.assofxg.com\/?attachment_id=800\" rel=\"attachment wp-att-800\">136 AG 12-09-19<\/a><\/p>\n<p>Assembl\u00e9e g\u00e9n\u00e9rale du 11 avril 2019: <a href=\"http:\/\/www.assofxg.com\/?attachment_id=741\" rel=\"attachment wp-att-741\">AG-11-04-19<\/a><\/p>\n<p>Assembl\u00e9e g\u00e9n\u00e9rale du 7 f\u00e9vrier 2019: <a href=\"http:\/\/www.assofxg.com\/?attachment_id=729\" rel=\"attachment wp-att-729\">134 AG 7-02-2019<\/a><\/p>\n<p>Assembl\u00e9e g\u00e9n\u00e9rale du 1 novembre 2018:\u00a0<a href=\"http:\/\/www.assofxg.com\/?attachment_id=691\" rel=\"attachment wp-att-691\">133-AG-1-11-2018<\/a><\/p>\n<p>Assembl\u00e9e g\u00e9n\u00e9rale du 13 septembre 2018:\u00a0<a href=\"http:\/\/www.assofxg.com\/?attachment_id=666\" rel=\"attachment wp-att-666\">132 AG 13-09-2018<\/a><\/p>\n<p>Assembl\u00e9e g\u00e9n\u00e9rale du 8 f\u00e9vrier 2018 : <a href=\"http:\/\/www.assofxg.com\/?attachment_id=664\" rel=\"attachment wp-att-664\">131 AG-18-03-29<\/a><\/p>\n<p>Assembl\u00e9e g\u00e9n\u00e9rale du 9 novembre 2017 : <a href=\"http:\/\/www.assofxg.com\/?attachment_id=598\" rel=\"attachment wp-att-598\">129 AG 17-11-09<\/a><\/p>\n<p>Assembl\u00e9e g\u00e9n\u00e9rale du : 14 septembre 2017: <a href=\"http:\/\/www.assofxg.com\/?attachment_id=596\" rel=\"attachment wp-att-596\">T-128 AG-17-09-14<\/a><\/p>\n<p>Assembl\u00e9e g\u00e9n\u00e9rale du 6 avril 2017: <a href=\"http:\/\/www.assofxg.com\/?attachment_id=600\" rel=\"attachment wp-att-600\">PV AG 127<\/a><\/p>\n<p>Assembl\u00e9e g\u00e9n\u00e9rale du : 9 f\u00e9vrier 2017: <a href=\"http:\/\/www.assofxg.com\/?attachment_id=506\" rel=\"attachment wp-att-506\">126-AG-2017-02-09<\/a><\/p>\n<p>Assembl\u00e9e g\u00e9n\u00e9rale du : 24\u00a0novembre 2016:\u00a0<a href=\"http:\/\/www.assofxg.com\/?attachment_id=490\" rel=\"attachment wp-att-490\">125-ag-2016-11-24<\/a><\/p>\n<p>Assembl\u00e9e g\u00e9n\u00e9rale du : 13 septembre 2016: <a href=\"http:\/\/www.assofxg.com\/?attachment_id=484\" rel=\"attachment wp-att-484\">t-123-ag-2016-09-15<\/a><\/p>\n<p>Assembl\u00e9e g\u00e9n\u00e9rale du 21 mai 2016:\u00a0<a href=\"http:\/\/www.assofxg.com\/wp-content\/uploads\/2015\/03\/122-AG-21-04-16.pdf\">122 AG-21-04-16<\/a><\/p>\n<p>Assembl\u00e9e g\u00e9n\u00e9rale du 24 mars 2016:\u00a0<a href=\"http:\/\/www.assofxg.com\/wp-content\/uploads\/2015\/03\/121-AG-24-03-16.pdf\">121 AG-24-03-16<\/a><\/p>\n<p>Assembl\u00e9e g\u00e9n\u00e9rale du \u00a018 f\u00e9vrier 2016:\u00a0<a href=\"http:\/\/www.assofxg.com\/wp-content\/uploads\/2015\/03\/120-AG-18-02-2016.pdf\">120 AG-18-02-2016<\/a><\/p>\n<p>Assembl\u00e9e g\u00e9n\u00e9rale du 4 f\u00e9vrier 2016:\u00a0<a href=\"http:\/\/www.assofxg.com\/wp-content\/uploads\/2015\/03\/119-AG-04-02-16.pdf\">119 AG-04-02-16<\/a><\/p>\n<p>Assembl\u00e9e g\u00e9n\u00e9rale du \u00a05 novembre 2015:\u00a0<a href=\"http:\/\/www.assofxg.com\/wp-content\/uploads\/2015\/03\/118-AG-05-11-15.pdf\">118 AG-05-11-15<\/a><\/p>\n<p>Assembl\u00e9e g\u00e9n\u00e9rale du 15 septembre 2015 :\u00a0<a href=\"http:\/\/www.assofxg.com\/wp-content\/uploads\/2015\/03\/T-117-AG-15-09-15.pdf\">T-117 AG-15-09-15<\/a><\/p>\n<p>Assembl\u00e9e g\u00e9n\u00e9rale du \u00a07 mai\u00a02015:\u00a0<a href=\"http:\/\/www.assofxg.com\/wp-content\/uploads\/2015\/03\/116.AGS_.07-05-15.pdf\">116.AGS.07-05-15<\/a><\/p>\n<p>Assembl\u00e9e g\u00e9n\u00e9rale du \u00a014 avril\u00a02015:\u00a0<a href=\"http:\/\/www.assofxg.com\/wp-content\/uploads\/2015\/03\/115.AG_.14-04-15.pdf\">115.AG.14-04-15<\/a><\/p>\n<p>Assembl\u00e9e g\u00e9n\u00e9rale du \u00a031 mars 2015:\u00a0<a href=\"http:\/\/www.assofxg.com\/wp-content\/uploads\/2015\/03\/114.AG_.31-03-15.pdf\">114.AG.31-03-15<\/a><\/p>\n<p>Assembl\u00e9e g\u00e9n\u00e9rale du 12 f\u00e9vrier 2015:\u00a0<a href=\"http:\/\/www.assofxg.com\/wp-content\/uploads\/2015\/03\/113-AG-12-02-15.pdf\">113 AG 12-02-15<\/a><\/p>\n<p>Assembl\u00e9e g\u00e9n\u00e9rale du 20 novembre 2014:\u00a0<a href=\"http:\/\/www.assofxg.com\/wp-content\/uploads\/2015\/03\/112-AG-20-11-2014.pdf\">112 AG-20-11-2014<\/a><\/p>\n<p>Assembl\u00e9e g\u00e9n\u00e9rale du 23 octobre 2014:\u00a0<a href=\"http:\/\/www.assofxg.com\/wp-content\/uploads\/2015\/03\/111-AG-23-10-14.pdf\">111 AG-23-10-14<\/a><\/p>\n<p>Assembl\u00e9e g\u00e9n\u00e9rale du 11 septembre 2014:\u00a0<a href=\"http:\/\/www.assofxg.com\/wp-content\/uploads\/2015\/03\/110-AGE-11-09-14.pdf\">110 AGE-11-09-14<\/a><\/p>\n<p>Assembl\u00e9e g\u00e9n\u00e9rale du 13 f\u00e9vrier 2014:\u00a0<a href=\"http:\/\/www.assofxg.com\/wp-content\/uploads\/2015\/03\/109-AGS-28-03-141.pdf\">109 AGS-28-03-14<\/a><\/p>\n<p>Assembl\u00e9e g\u00e9n\u00e9rale du 13 f\u00e9vrier 2014: <a href=\"http:\/\/www.assofxg.com\/wp-content\/uploads\/2015\/03\/PDF108-13-02-2014.pdf\">PDF108 13-02-2014<\/a><\/p>\n<p>Assembl\u00e9e g\u00e9n\u00e9rale du 14 novembre 2013: <a href=\"http:\/\/www.assofxg.com\/wp-content\/uploads\/2015\/03\/T107-AG-14-11-13.pdf\">T107 AG-14-11-13<\/a><\/p>\n","protected":false},"excerpt":{"rendered":"<p>L\u2019Assembl\u00e9e g\u00e9n\u00e9rale est l\u2019instance supr\u00eame de l\u2019association, et ses proc\u00e8s-verbaux sont publics. Pour consulter les proc\u00e8s-verbaux du conseil ex\u00e9cutif, du&hellip;<\/p>\n","protected":false},"author":1,"featured_media":0,"parent":0,"menu_order":0,"comment_status":"open","ping_status":"open","template":"","meta":{"footnotes":""},"class_list":["post-61","page","type-page","status-publish","hentry","post"],"_links":{"self":[{"href":"http:\/\/www.assofxg.com\/index.php?rest_route=\/wp\/v2\/pages\/61"}],"collection":[{"href":"http:\/\/www.assofxg.com\/index.php?rest_route=\/wp\/v2\/pages"}],"about":[{"href":"http:\/\/www.assofxg.com\/index.php?rest_route=\/wp\/v2\/types\/page"}],"author":[{"embeddable":true,"href":"http:\/\/www.assofxg.com\/index.php?rest_route=\/wp\/v2\/users\/1"}],"replies":[{"embeddable":true,"href":"http:\/\/www.assofxg.com\/index.php?rest_route=%2Fwp%2Fv2%2Fcomments&post=61"}],"version-history":[{"count":30,"href":"http:\/\/www.assofxg.com\/index.php?rest_route=\/wp\/v2\/pages\/61\/revisions"}],"predecessor-version":[{"id":961,"href":"http:\/\/www.assofxg.com\/index.php?rest_route=\/wp\/v2\/pages\/61\/revisions\/961"}],"wp:attachment":[{"href":"http:\/\/www.assofxg.com\/index.php?rest_route=%2Fwp%2Fv2%2Fmedia&parent=61"}],"curies":[{"name":"wp","href":"https:\/\/api.w.org\/{rel}","templated":true}]}}